{"id":15,"date":"2019-05-02T09:07:41","date_gmt":"2019-05-02T09:07:41","guid":{"rendered":"https:\/\/dev.gabrielle-hattesen.de\/?page_id=15"},"modified":"2025-03-02T09:21:54","modified_gmt":"2025-03-02T09:21:54","slug":"ueber-hattesen","status":"publish","type":"page","link":"https:\/\/www.gabrielle-hattesen.de\/?page_id=15","title":{"rendered":"\u00fcber hattesen"},"content":{"rendered":"<div class=\"outer\">\n<div class=\"inner\"><img loading=\"lazy\" class=\"alignnone wp-image-60\" src=\"https:\/\/www.gabrielle-hattesen.de\/wp-content\/uploads\/2019\/05\/2_UU8feinu_f.jpg\" alt=\"\" width=\"530\" height=\"516\" srcset=\"https:\/\/www.gabrielle-hattesen.de\/wp-content\/uploads\/2019\/05\/2_UU8feinu_f.jpg 380w, https:\/\/www.gabrielle-hattesen.de\/wp-content\/uploads\/2019\/05\/2_UU8feinu_f-300x292.jpg 300w\" sizes=\"(max-width: 530px) 100vw, 530px\" \/><\/div>\n<div class=\"inner\">\n<div class=\"module-wrapper module-id-3\">\n<div class=\"content-text\">\n<h5 class=\"red\">K\u00dcNSTLERISCHER WERDEGANG<\/h5>\n<p>Keramikausbildung Atelier Pintgen Wiesbaden und<br \/>\nMira Prus M\u00fcnchen<br \/>\nin Italien gelebt und gearbeitet<br \/>\nFachhochschule f\u00fcr Gestaltung Wiesbaden<br \/>\nStudiengemeinschaft Darmstadt Akademisches Zeichnen<br \/>\nMentorin Christa Moering<\/p>\n<p>&nbsp;<\/p>\n<p>&nbsp;<\/p>\n<h5 class=\"red\">K\u00dcNSTLERISCHER SCHWERPUNKT<\/h5>\n<p>&nbsp;<\/p>\n<h6>Bildobjekte und Objekte<\/h6>\n<p>installative Raumkonzepte\u00a0aus leichten, transparenten Materialien<\/p>\n<h6>PUBLIKATIONEN<\/h6>\n<p>Keramik Englisch Verlag 1983<br \/>\nHyle International Journal for Philosophy of Chemistry (Chemistry in Art)<br \/>\nLebensr\u00e4ume- Materialbuch 116 EKHN Herausgeber Dr. Markus Zink<br \/>\n3 Kataloge eigener Arbeiten<\/p>\n<h6>SEMINARE f\u00fcr KunsterzieherInnen<\/h6>\n<p><strong>KURATIERUNG<\/strong><\/p>\n<p>&#8222;Aschermittwoch der K\u00fcnstler&#8220; Bergkirche Wiesbaden 2011, 2012, 2013, 2014, 2017<br \/>\n&#8222;Hiob&#8220; KunstArche Wiesbaden 2020<br \/>\n&#8222;Tabu&#8220; Atelierhaus Darmstadt 2021<\/p>\n<h6>MITGLIEDSCHAFT<\/h6>\n<p>Gr\u00fcndungsmitglied der Gruppe botticelligmbh&amp;kokg<br \/>\nGr\u00fcndungsmitglied AKUK Arbeitskreis Kunst und Kirche Wiesbaden<br \/>\nBBK Wiesbaden<br \/>\nKunstArche Wiesbaden<\/p>\n<h6>\u00d6FFENTLICHE ANK\u00c4UFE<\/h6>\n<p>Handwerkskammer Trier<br \/>\nArchitektenkammer Wiesbaden<br \/>\nStaatliches Museum Bukarest<br \/>\nfrauenMuseum Wiesbaden<br \/>\nKlingspor-Museum Offenbach<br \/>\nKunstArche Wiesbaden<\/p>\n<h6>AUFTRAGSENTW\u00dcRFE<\/h6>\n<p>Firma-Kork Winterholer,Nierstein<br \/>\nEmpfangshalle, Laborfenster, Konferenzraum (realisiert)<br \/>\nKirche St. Michael Wiesbaden &#8211; Wandgestaltung &#8222;<em>Lebensbaum&#8220;<\/em>\u00a0Abschiedshalle<br \/>\nArt-Hotel Wiesbaden ,Zimmer &#8222;<em>Dostojewsky&#8220;<br \/>\n<\/em><em>B\u00fchnenvorhang\u00a0<\/em>f\u00fcr Caligari-Kino Wiesbaden<em>\u00a0(<\/em>mit Architekt Hardmuth Sonntag<em>) realisiert<br \/>\n<\/em><em>Farbgestaltung Rot\u00a0<\/em>Eingangsbereich<em>\u00a0F<\/em>a. Chmilorz, Wiesbaden<em>\u00a0(mit Architekt Hardmuth Sonntag) realisiert<\/em><\/p>\n<p>vertreten 2005 &#8211; 2012 von Galerie Carola Weber, Wiesbaden<\/p>\n<p>EINZEL- UND BETEILIGUNG AN AUSSTELLUNGEN seit 1982 juriert (Auswahl) K (Katalog) E (Einzel)<br \/>\n<strong>2026<br \/>\n<\/strong>FrauenMuseum Bonn &#8222;Solidarit\u00e4t und St\u00e4rke&#8220; mit SOLWODI Deutschland<br \/>\n<strong>2025<br \/>\n<\/strong>Klingspor Museum Offenbach &#8222;<em>Love Stories<\/em>&#8220;<\/p>\n<p><strong>2024<br \/>\n<\/strong>Bund Offenbacher K\u00fcnstler, &#8222;<em>Schwerelos +Selbstvergessen<\/em>&#8220; <strong>E<br \/>\n<\/strong>Agentur Royalkomm, <em>Wiesbaden,<\/em> &#8222;<em>Faserworte | Neonblinks<\/em>&#8222;<strong> E<\/strong> &#8220; mit Wibke Gl\u00fcck<br \/>\n&#8222;<em>Tatorte Kunst<\/em>&#8220; \u00a0Gruppe Gl\u00fcck,Grandpierre,Hattesen,Katth\u00f6fer<br \/>\nBBK Wiesbaden, \u00a0 \u00a0 \u00a0 \u00a0 &#8222;<em>Tatorte Kunst<\/em>&#8220; K<br \/>\nKunstverein Bellevuesaal, Wiesbaden, 30 Jahre- Jubil\u00e4ums Ausstellung der Mitglieder<br \/>\nKunstverein Ingelheim, &#8222;<em>Monolog\/Dialog&#8220;<\/em> <strong>E<\/strong><\/p>\n<p><strong>2023<br \/>\n<\/strong>frauenMuseum Wiesbaden, &#8222;<em>Being a Part of &#8220; \u00a0<\/em>Performance\/Installation in Kooperation mit Romana Menze-Kuhn <strong>E<\/strong><br \/>\nFrauenMuseum Bonn, Bastion Kronprinz- Zitadelle Spandau, Berlin und Mainzer Landtag<br \/>\n&#8222;<em>R\u00fcckkehr in W\u00fcrde<\/em>&#8220; mit SOLWODI zum 30 j\u00e4hrigen Jubil\u00e4um (K)<\/p>\n<p><strong>2022<br \/>\n<\/strong>MUPA-Charity-Auktion, Hannover, &#8222;<em>vom Musikinstrument zum Kunstwerk&#8220;<\/em><br \/>\nFrauenMuseum Bonn ,\u00a0 &#8222;R\u00fcckkehr in W\u00fcrde.Chancen f\u00fcr ein selbstbestimmtes Leben&#8220; SOLWODI (K)<br \/>\nKunstforum Mainturm Fl\u00f6rsheim &#8222;<em>Corona Echo<\/em>&#8220; mit Serie &#8222;<em>couples in bad times&#8220;<\/em><\/p>\n<p><strong>2021<br \/>\n<\/strong>KunstArche Wiesbaden &#8222;<em>Corona Echo<\/em>&#8220; (K)<br \/>\nAtelierhaus Darmstadt, \u00a0&#8220; <em>Tabu<\/em>&#8220; (K)<br \/>\nRathaus Wiesbaden \u00a0St\u00e4dtepartnerschaften &#8222;<em>crossroads&#8220; <\/em>(K)<br \/>\nprojektraumKunst Wiesbaden April-Juni<\/p>\n<p><strong>2020<br \/>\n<\/strong>Stipendium vom Kulturamt Wiesbaden \u00a0f\u00fcr Projekt &#8222;<em>Poemification Y<\/em>&#8222;<strong><br \/>\n<\/strong>Die Wolfsburg, M\u00fclheim\/Ruhr &#8211; \u00a0&#8222;<em>crossroads<\/em>&#8220;<br \/>\nKunstArche Wiesbaden &#8222;<em>HIOB<\/em>&#8220; (K<em>)<\/em><br \/>\nPlakatentwurf \u00a0&#8222;Demokratie leben&#8220; Preistr\u00e4gerin<\/p>\n<h6>2019<\/h6>\n<p>Klingspor Museum Offenbach &#8222;ausdr\u00fccklich Schrift&#8220; experimentelle Arbeiten <em>&#8222;the it bag&#8220;<br \/>\n<\/em>frauenMuseum Wiesbaden &#8222;Sammlungs Show&#8220; mit der Serie \u00a0&#8222;<em>border line<\/em>&#8220;<br \/>\nKunstRaum der IG Galerien Wiesbaden- eine Inszenierung im Raum &#8222;<em>expanded fields of drawing&#8220;\u00a0<\/em>mit Regine F\u00fcrst<\/p>\n<h6><strong>2018<\/strong><\/h6>\n<p>Positionen 2018 &#8222;Digitale Stadt&#8220; Galerie Kunst-Sch\u00e4fer Wiesbaden<br \/>\nKunstmole Wiesbaden &#8211;<em>\u00a0\u00a0<\/em>Projekt mit Ingrid Heuser &#8222;<em>like the lucky old sun<\/em>&#8220;<br \/>\nWilhelm Fabry-Museum\u00a0 <em>&#8222;Placebo-Nocebo&#8220; (K)\u00a0<\/em><\/p>\n<h6><strong>2017<\/strong><\/h6>\n<p>27<strong>.<\/strong><em><strong>\u00a0<\/strong><\/em>Kunstpreis Mainzer Eisenturm\u00a0 \u00a0&#8222;<em>Zeichnung &#8211; die Gedanken sind frei&#8220; <\/em>nominiert<\/p>\n<p>Rathaus Wiesbaden<em>\u00a0&#8222;still I rise&#8220;\u00a0 (K)\u00a0<strong>E<\/strong><\/em><strong>\u00a0 \u00a0<\/strong>(kuratiert von Dr. Stefan Soltek, Direktor Museum Klingspor)<\/p>\n<h6><strong>2016<\/strong><\/h6>\n<p>KunstArche Wiesbaden &#8222;<em>Wort:Inspiration:Werk&#8220; (K)<br \/>\n<\/em>Kunst im JOHO &#8211; Galerie im Kapellenhof &#8220; <em>Intimacy&#8220;\u00a0<strong>E<\/strong><\/em><\/p>\n<h6><strong>2015<\/strong><\/h6>\n<p>Atelierhaus Darmstadt<em>\u00a0&#8222;Zensur&#8220;<br \/>\n<\/em>Vers\u00f6hnungskirche Wiesbaden <em>&#8222;Kunst und Kanzel&#8220; ein Dialog zur Ikonografie &#8222;Jesus was a young man too&#8220;<\/em><\/p>\n<h6><strong>2014<\/strong><\/h6>\n<p>Rathaus Wiesbaden &#8211; Internationaler Frauentag<em>\u00a0&#8222;take a look at everyday sexism&#8220;<br \/>\n<\/em>Altes Gericht Wiesbaden<em>\u00a0&#8211; lange Nacht der Museen und Galerien\u00a0&#8222;color and music&#8220;<\/em><\/p>\n<h6><strong>2013<\/strong><\/h6>\n<p>Klingspor-Museum Offenbach<em>\u00a0&#8222;&#8230;nur von Augenblickes Dauer&#8220;<br \/>\n<\/em>Atelier<strong>6<\/strong> im Atelierhaus Darmstadt &#8222;<em>Kassandra und der Spieler&#8220;\u00a0<strong>E<\/strong><\/em><\/p>\n<h6><strong>2012<\/strong><\/h6>\n<p>Museum Z\u00fcndorfer Wehrturm K\u00f6ln<em>\u00a0&#8222;Gl\u00fcck&#8220;<\/em><\/p>\n<h6><strong>2011<\/strong><\/h6>\n<p>Regierungspr\u00e4sidium Darmstadt<em>\u00a0&#8222;violets are blue&#8220;II\u00a0(K)\u00a0<strong>E<\/strong><\/em><\/p>\n<h6><strong>2010<\/strong><\/h6>\n<p>Kunstforum Main-Turm <em>&#8222;WortBild-Welten&#8220;\u00a0<strong>E<br \/>\n<\/strong><\/em>Galerie Stiftung Heussenstamm, Frankfurt &#8222;<em>nothing like paper&#8220;\u00a0<strong>E<\/strong><br \/>\n<\/em>Galerie Carola Weber, <em>&#8222;Verf\u00fchrung&#8220;<\/em> mit botticelligmbh&amp;cokg<\/p>\n<h6><strong>2009<\/strong><\/h6>\n<p>Hessiale Landeskunstausstellung des BBK Hessen CPH Hanau (K)<\/p>\n<h6><strong>2008<\/strong><\/h6>\n<p>ArtKarlsruhe mit Galerie Carola Weber<br \/>\nKunstverein ARTLANTIS Bad Homburg\u00a0<em>&#8222;papier|papier&#8220;\u00a0<strong>E<\/strong><\/em><\/p>\n<h6><strong>2007<\/strong><\/h6>\n<p>Auftrags-Entwurf<em>\u00a0&#8222;Lebensbaum&#8220;\u00a0f<\/em>\u00fcr Trauerkapelle St. Michael,Wiesbaden<br \/>\nFrauenMuseum Wiesbaden\u00a0&#8222;Triple play on paper &#8211;<em>das Spielen mit den Mythen&#8220;\u00a0<strong>E<br \/>\n<\/strong><\/em>art-fair K\u00f6ln mit Galerie Carola Weber<\/p>\n<h6><strong>2006<\/strong><\/h6>\n<p>K\u00fcnstlerverein Walkm\u00fchle Wiesbaden &#8222;Glas&#8220;<\/p>\n<h6><strong>2005<\/strong><\/h6>\n<p>Galerie Carola Weber, Wiesbaden &#8222;<em>language of paper<\/em>&#8220;\u00a0<strong>E<br \/>\n<\/strong>Rathaus Mainz &#8222;<em>K\u00f6rperkult&#8220;<br \/>\n<\/em>Kultur- Bahnhof Kassel &#8222;<em>DreizehnG\u00e4ngeMenue&#8220;<\/em>\u00a0mit K\u00fcnstlergruppe botticelligmbh&amp;cokg<\/p>\n<h6><strong>2004<\/strong><\/h6>\n<p>Museum Hollfeld &#8222;Minimal Art&#8220; (K)<br \/>\nart-fair.K\u00f6ln mit Galerie Carola Weber Wiesbaden<\/p>\n<h6><strong>2003<\/strong><\/h6>\n<p>Prinz Max Palais Karlsruhe mit GEDOK &#8222;<em>Frauenperspektiven Orient &#8211; Okzident&#8220;<\/em>\u00a0(K)<br \/>\ngezeigt u.a.Frauenmuseum Bonn, Staatl. Museum Bukarest, Goethe -Institut Kairo<br \/>\nK\u00fcnstlerforum Bonn\u00a0&#8222;<em>E-Motion&#8220;<\/em><\/p>\n<h6><strong>2001<\/strong><\/h6>\n<p>DERIX Glasstudios, Wehen &#8222;zeitgleich&#8220; (K) <strong>E<br \/>\n<\/strong><\/p>\n<h6><strong>2000<\/strong><\/h6>\n<p>Mewa-Kunstpreis\u00a0&#8222;Wasser&#8220; (K) nominiert<br \/>\nMuseum Buxtehude<\/p>\n<h6><strong>1998<\/strong><\/h6>\n<p>Museum Guangdong, Guangzhou \/VR China &#8211; (K) Kulturaustausch mit Frankfurter K\u00fcnstlern<br \/>\nKunststation Kleinsassen (K)<\/p>\n<h6><strong>1993<\/strong><\/h6>\n<p>Open-Art Maintal <em>&#8222;Europator&#8220;\u00a0\u00a0<\/em>Entwurf mit Architekt Hardmuth Sonntag (3. Preis)<\/p>\n<h6><strong>1992<\/strong><\/h6>\n<p>Internationale Biennale Ceramique d&#8217;Art (K)Vallauris\/France (nominiert)<\/p>\n<p>&nbsp;<\/p>\n<\/div>\n<\/div>\n<div class=\"module-wrapper module-id-3\">\n<div class=\"content-text\">\n<h3 class=\"red\">ZU MEINEN ARBEITEN<\/h3>\n<p>Gabrielle Hattesen, die lange vor ihrer Hinwendung zu Bild- und Installationskunst, das Formen von K\u00f6rpern in der Keramik zu immer d\u00fcnnwandigeren Tongef\u00e4\u00dfen, schlie\u00dflich zu lose geflochtenen Porzellangeweben verfeinerte, sucht konsequent die Auseinandersetzung mit der in Papier und Stoff Halt bietenden, aber ebenso Durchlass gew\u00e4hrenden Textur.<br \/>\nAlles Formgeben bindet sich an ein gedankliches sowie empfundenes Ausgangsmoment. Gut ist der K\u00fcnstlerin, was auf der Basis einer bestimmten Idee konzipiert ist und sich nicht verliert. Hier liegt die Grenze f\u00fcr Hattesen, wenn sie ihre Schichtungen, Bemerkungen, Adh\u00e4sionen Schritt f\u00fcr Schritt akkumuliert. Der Spannungsbogen darf nicht verloren gehen. Ihr thematisches Engangemeint immer wieder auf soziale Funktionen, Verantwortungen hinzielend gilt es transparent zu halten.<br \/>\n&#8222;In Zwischen&#8220; umschreibt begrifflich, wo die K\u00fcnstlerin ihre Sichtweisen ansiedelt. Kalkulierte Formate um das Unbegreifliche im Anderen zu erkunden, findet in den diaphanen Anberaumungen von Gabrielle Hattesen reiche Nuancen. Das Verwobene, das Angedeutete ist unbedingt Konzept. In Hattesens Welt sind die Verh\u00e4ltnisse fein, sinnlich gesponnen, verlangen unser taktiles Geschick und unsere Geduld.<br \/>\nDr. Stefan Soltek, Leiter Klingpor Museum Offenbach<\/p>\n<\/div>\n<\/div>\n<\/div>\n<\/div>\n","protected":false},"excerpt":{"rendered":"<p>K\u00dcNSTLERISCHER WERDEGANG Keramikausbildung Atelier Pintgen Wiesbaden und Mira Prus M\u00fcnchen in Italien gelebt und gearbeitet Fachhochschule f\u00fcr Gestaltung Wiesbaden Studiengemeinschaft Darmstadt Akademisches Zeichnen Mentorin Christa Moering &nbsp; &nbsp; K\u00dcNSTLERISCHER SCHWERPUNKT &nbsp; Bildobjekte und Objekte installative Raumkonzepte\u00a0aus leichten, transparenten Materialien PUBLIKATIONEN Keramik Englisch Verlag 1983 Hyle International Journal for Philosophy of Chemistry (Chemistry in Art) Lebensr\u00e4ume- [&hellip;]<\/p>\n","protected":false},"author":1,"featured_media":0,"parent":0,"menu_order":0,"comment_status":"closed","ping_status":"closed","template":"","meta":[],"yoast_head":"<!-- This site is optimized with the Yoast SEO plugin v15.9 - https:\/\/yoast.com\/wordpress\/plugins\/seo\/ -->\n<title>\u00fcber hattesen - Gabrielle Hattesen<\/title>\n<meta name=\"robots\" content=\"index, follow, max-snippet:-1, max-image-preview:large, max-video-preview:-1\" \/>\n<link rel=\"canonical\" href=\"https:\/\/www.gabrielle-hattesen.de\/?page_id=15\" \/>\n<meta property=\"og:locale\" content=\"de_DE\" \/>\n<meta property=\"og:type\" content=\"article\" \/>\n<meta property=\"og:title\" content=\"\u00fcber hattesen - Gabrielle Hattesen\" \/>\n<meta property=\"og:description\" content=\"K\u00dcNSTLERISCHER WERDEGANG Keramikausbildung Atelier Pintgen Wiesbaden und Mira Prus M\u00fcnchen in Italien gelebt und gearbeitet Fachhochschule f\u00fcr Gestaltung Wiesbaden Studiengemeinschaft Darmstadt Akademisches Zeichnen Mentorin Christa Moering &nbsp; &nbsp; K\u00dcNSTLERISCHER SCHWERPUNKT &nbsp; Bildobjekte und Objekte installative Raumkonzepte\u00a0aus leichten, transparenten Materialien PUBLIKATIONEN Keramik Englisch Verlag 1983 Hyle International Journal for Philosophy of Chemistry (Chemistry in Art) Lebensr\u00e4ume- [&hellip;]\" \/>\n<meta property=\"og:url\" content=\"https:\/\/www.gabrielle-hattesen.de\/?page_id=15\" \/>\n<meta property=\"og:site_name\" content=\"Gabrielle Hattesen\" \/>\n<meta property=\"article:modified_time\" content=\"2025-03-02T09:21:54+00:00\" \/>\n<meta property=\"og:image\" content=\"https:\/\/www.gabrielle-hattesen.de\/wp-content\/uploads\/2019\/05\/2_UU8feinu_f.jpg\" \/>\n<meta name=\"twitter:card\" content=\"summary_large_image\" \/>\n<meta name=\"twitter:label1\" content=\"Gesch\u00e4tzte Lesezeit\">\n\t<meta name=\"twitter:data1\" content=\"4\u00a0Minuten\">\n<script type=\"application\/ld+json\" class=\"yoast-schema-graph\">{\"@context\":\"https:\/\/schema.org\",\"@graph\":[{\"@type\":\"WebSite\",\"@id\":\"https:\/\/www.gabrielle-hattesen.de\/#website\",\"url\":\"https:\/\/www.gabrielle-hattesen.de\/\",\"name\":\"Gabrielle Hattesen\",\"description\":\"\",\"potentialAction\":[{\"@type\":\"SearchAction\",\"target\":\"https:\/\/www.gabrielle-hattesen.de\/?s={search_term_string}\",\"query-input\":\"required name=search_term_string\"}],\"inLanguage\":\"de\"},{\"@type\":\"ImageObject\",\"@id\":\"https:\/\/www.gabrielle-hattesen.de\/?page_id=15#primaryimage\",\"inLanguage\":\"de\",\"url\":\"https:\/\/www.gabrielle-hattesen.de\/wp-content\/uploads\/2019\/05\/2_UU8feinu_f.jpg\",\"width\":380,\"height\":370,\"caption\":\"OLYMPUS DIGITAL CAMERA\"},{\"@type\":\"WebPage\",\"@id\":\"https:\/\/www.gabrielle-hattesen.de\/?page_id=15#webpage\",\"url\":\"https:\/\/www.gabrielle-hattesen.de\/?page_id=15\",\"name\":\"\\u00fcber hattesen - Gabrielle Hattesen\",\"isPartOf\":{\"@id\":\"https:\/\/www.gabrielle-hattesen.de\/#website\"},\"primaryImageOfPage\":{\"@id\":\"https:\/\/www.gabrielle-hattesen.de\/?page_id=15#primaryimage\"},\"datePublished\":\"2019-05-02T09:07:41+00:00\",\"dateModified\":\"2025-03-02T09:21:54+00:00\",\"breadcrumb\":{\"@id\":\"https:\/\/www.gabrielle-hattesen.de\/?page_id=15#breadcrumb\"},\"inLanguage\":\"de\",\"potentialAction\":[{\"@type\":\"ReadAction\",\"target\":[\"https:\/\/www.gabrielle-hattesen.de\/?page_id=15\"]}]},{\"@type\":\"BreadcrumbList\",\"@id\":\"https:\/\/www.gabrielle-hattesen.de\/?page_id=15#breadcrumb\",\"itemListElement\":[{\"@type\":\"ListItem\",\"position\":1,\"item\":{\"@type\":\"WebPage\",\"@id\":\"https:\/\/www.gabrielle-hattesen.de\/\",\"url\":\"https:\/\/www.gabrielle-hattesen.de\/\",\"name\":\"Startseite\"}},{\"@type\":\"ListItem\",\"position\":2,\"item\":{\"@type\":\"WebPage\",\"@id\":\"https:\/\/www.gabrielle-hattesen.de\/?page_id=15\",\"url\":\"https:\/\/www.gabrielle-hattesen.de\/?page_id=15\",\"name\":\"\\u00fcber hattesen\"}}]}]}<\/script>\n<!-- \/ Yoast SEO plugin. -->","_links":{"self":[{"href":"https:\/\/www.gabrielle-hattesen.de\/index.php?rest_route=\/wp\/v2\/pages\/15"}],"collection":[{"href":"https:\/\/www.gabrielle-hattesen.de\/index.php?rest_route=\/wp\/v2\/pages"}],"about":[{"href":"https:\/\/www.gabrielle-hattesen.de\/index.php?rest_route=\/wp\/v2\/types\/page"}],"author":[{"embeddable":true,"href":"https:\/\/www.gabrielle-hattesen.de\/index.php?rest_route=\/wp\/v2\/users\/1"}],"replies":[{"embeddable":true,"href":"https:\/\/www.gabrielle-hattesen.de\/index.php?rest_route=%2Fwp%2Fv2%2Fcomments&post=15"}],"version-history":[{"count":73,"href":"https:\/\/www.gabrielle-hattesen.de\/index.php?rest_route=\/wp\/v2\/pages\/15\/revisions"}],"predecessor-version":[{"id":1010,"href":"https:\/\/www.gabrielle-hattesen.de\/index.php?rest_route=\/wp\/v2\/pages\/15\/revisions\/1010"}],"wp:attachment":[{"href":"https:\/\/www.gabrielle-hattesen.de\/index.php?rest_route=%2Fwp%2Fv2%2Fmedia&parent=15"}],"curies":[{"name":"wp","href":"https:\/\/api.w.org\/{rel}","templated":true}]}}